{"id":983,"date":"2024-11-29T17:42:53","date_gmt":"2024-11-29T17:42:53","guid":{"rendered":"https:\/\/qt.cymunedmessup.cymru\/?page_id=983"},"modified":"2025-02-14T15:14:41","modified_gmt":"2025-02-14T15:14:41","slug":"raglan","status":"publish","type":"page","link":"https:\/\/queertawe.co.uk\/index.php\/raglan\/","title":{"rendered":"Rhaglen"},"content":{"rendered":"\n<figure class=\"wp-block-image size-full is-resized\"><img loading=\"lazy\" decoding=\"async\" width=\"11526\" height=\"3811\" src=\"https:\/\/qt.cymunedmessup.cymru\/wp-content\/uploads\/2024\/10\/1000003312.png\" alt=\"\" class=\"wp-image-203\" style=\"width:805px;height:auto\" srcset=\"https:\/\/qt.cymunedmessup.cymru\/wp-content\/uploads\/2024\/10\/1000003312.png 11526w, https:\/\/qt.cymunedmessup.cymru\/wp-content\/uploads\/2024\/10\/1000003312-300x99.png 300w, https:\/\/qt.cymunedmessup.cymru\/wp-content\/uploads\/2024\/10\/1000003312-1024x339.png 1024w, https:\/\/qt.cymunedmessup.cymru\/wp-content\/uploads\/2024\/10\/1000003312-768x254.png 768w, https:\/\/qt.cymunedmessup.cymru\/wp-content\/uploads\/2024\/10\/1000003312-1536x508.png 1536w, https:\/\/qt.cymunedmessup.cymru\/wp-content\/uploads\/2024\/10\/1000003312-2048x677.png 2048w\" sizes=\"(max-width: 11526px) 100vw, 11526px\" \/><\/figure>\n\n\n\n<p><strong>Croeso i Ffrinj Queertawe Fringe, dathliad 4 diwrnod o hyd o fywyd cw\u00eear yn Abertawe.<\/strong><\/p>\n\n\n\n<p><br>Yr hyn yr ydych ar fin ei weld yw penllanw blwyddyn o weithdai creadigol ar gyfer cymuned cw\u00eear Abertawe, yn dathlu diwylliant cw\u00eear\u00a0yn ein dinas.<\/p>\n\n\n\n<p>Gyda\u2019n cyfranogwyr yn sefyll yn gadarn ar y rheng flaen wrth ein hymyl, rydym wedi creu ystod amrywiol iawn o ddigwyddiadau a fydd yn arddangos y talent anhygoel rydym wedi bod yn gweithio gyda hi.<\/p>\n\n\n\n<figure class=\"wp-block-image size-large is-resized\"><img loading=\"lazy\" decoding=\"async\" width=\"1024\" height=\"682\" src=\"https:\/\/qt.cymunedmessup.cymru\/wp-content\/uploads\/2024\/10\/1000003316-1024x682.png\" alt=\"\" class=\"wp-image-207\" style=\"width:167px;height:auto\" srcset=\"https:\/\/qt.cymunedmessup.cymru\/wp-content\/uploads\/2024\/10\/1000003316-1024x682.png 1024w, https:\/\/qt.cymunedmessup.cymru\/wp-content\/uploads\/2024\/10\/1000003316-300x200.png 300w, https:\/\/qt.cymunedmessup.cymru\/wp-content\/uploads\/2024\/10\/1000003316-768x511.png 768w, https:\/\/qt.cymunedmessup.cymru\/wp-content\/uploads\/2024\/10\/1000003316-1536x1023.png 1536w, https:\/\/qt.cymunedmessup.cymru\/wp-content\/uploads\/2024\/10\/1000003316-2048x1364.png 2048w\" sizes=\"(max-width: 1024px) 100vw, 1024px\" \/><\/figure>\n\n\n\n<h2 class=\"wp-block-heading\"><strong>ALLAN A NI<\/strong><\/h2>\n\n\n\n<p>Diolch am ymuno \u00e2 ni ar gyfer ein digwyddiad agoriadol lle byddwn yn croesawu Abertawe i ofod cw\u00e2r llawn llawenydd a balchder. Bydd digwyddiad heno yn gosod y llwyfan ar gyfer Ffrinj Queertawe, gan ddathlu sbectrwm llawn bywyd cw\u00eear ar draws ein tref hyll, hyfryd.<\/p>\n\n\n\n<h3 class=\"wp-block-heading\">Trefn y noson<\/h3>\n\n\n\n<ul>\n<li>Croeso gan Bethan Marlow a Cerian Hedd<\/li>\n\n\n\n<li>C\u00f4r True Colours-\u00a0Cyfarwyddwr Cerdd Sam Hickman<\/li>\n\n\n\n<li>Sesiwn holi ac ateb gyda&#8217;r gwneuthurwyr ffilm Callum Bruce Phillips a Jayne Rowlands<\/li>\n\n\n\n<li>Gwylio&#8217;r ffilmiau<\/li>\n\n\n\n<li>Perfformiad cabaret gan Clem Dandy<\/li>\n\n\n\n<li>Sgwrs banel gyda Alisha Ahmed, Rachel Dawson, Cerian Hedd a Norena Shopland.<\/li>\n\n\n\n<li>Perfformiad cabaret gan Johnny Solstice<\/li>\n<\/ul>\n\n\n\n<figure class=\"wp-block-image size-large is-resized\"><img loading=\"lazy\" decoding=\"async\" width=\"1024\" height=\"801\" src=\"https:\/\/qt.cymunedmessup.cymru\/wp-content\/uploads\/2024\/10\/1000003317-1024x801.png\" alt=\"\" class=\"wp-image-208\" style=\"width:152px;height:auto\" srcset=\"https:\/\/qt.cymunedmessup.cymru\/wp-content\/uploads\/2024\/10\/1000003317-1024x801.png 1024w, https:\/\/qt.cymunedmessup.cymru\/wp-content\/uploads\/2024\/10\/1000003317-300x235.png 300w, https:\/\/qt.cymunedmessup.cymru\/wp-content\/uploads\/2024\/10\/1000003317-768x600.png 768w, https:\/\/qt.cymunedmessup.cymru\/wp-content\/uploads\/2024\/10\/1000003317-1536x1201.png 1536w, https:\/\/qt.cymunedmessup.cymru\/wp-content\/uploads\/2024\/10\/1000003317-2048x1601.png 2048w\" sizes=\"(max-width: 1024px) 100vw, 1024px\" \/><\/figure>\n\n\n\n<h2 class=\"wp-block-heading\"><strong><strong>PROM CABARET CW\u00ceAR<\/strong><\/strong><\/h2>\n\n\n\n<h3 class=\"wp-block-heading\"><strong><strong>Perfformwyr:\u00a0<\/strong><\/strong><\/h3>\n\n\n\n<ul>\n<li>Cerian The Clown<\/li>\n\n\n\n<li>Jesty Quinn<\/li>\n\n\n\n<li>Anniben<\/li>\n\n\n\n<li>Jordropper<\/li>\n\n\n\n<li>Rusty The Clown<\/li>\n\n\n\n<li>Puzzles the Clown<\/li>\n\n\n\n<li>Clem Dandy<\/li>\n\n\n\n<li>Sebastian<\/li>\n\n\n\n<li>Johnny Solstice<\/li>\n\n\n\n<li>Games Master Steven<\/li>\n\n\n\n<li>Beth Ap Coch<\/li>\n\n\n\n<li>Pan De Moanium<\/li>\n\n\n\n<li>Redacted<\/li>\n\n\n\n<li>Lana Del They<\/li>\n\n\n\n<li>Zachary Rose<\/li>\n\n\n\n<li>DJ Santes<\/li>\n<\/ul>\n\n\n\n<p>Runway wedi ei berfformio gan gweithdy symud Queertawe dan arweiniad CJ Ashen<\/p>\n\n\n\n<figure class=\"wp-block-image size-large is-resized\"><img loading=\"lazy\" decoding=\"async\" width=\"1024\" height=\"808\" src=\"https:\/\/qt.cymunedmessup.cymru\/wp-content\/uploads\/2024\/10\/1000003330-1024x808.png\" alt=\"\" class=\"wp-image-221\" style=\"width:191px;height:auto\" srcset=\"https:\/\/qt.cymunedmessup.cymru\/wp-content\/uploads\/2024\/10\/1000003330-1024x808.png 1024w, https:\/\/qt.cymunedmessup.cymru\/wp-content\/uploads\/2024\/10\/1000003330-300x237.png 300w, https:\/\/qt.cymunedmessup.cymru\/wp-content\/uploads\/2024\/10\/1000003330-768x606.png 768w, https:\/\/qt.cymunedmessup.cymru\/wp-content\/uploads\/2024\/10\/1000003330-1536x1212.png 1536w, https:\/\/qt.cymunedmessup.cymru\/wp-content\/uploads\/2024\/10\/1000003330-2048x1616.png 2048w\" sizes=\"(max-width: 1024px) 100vw, 1024px\" \/><\/figure>\n\n\n\n<h2 class=\"wp-block-heading\"><strong><strong>LLEN I FYNY<\/strong><\/strong><\/h2>\n\n\n\n<p>Siopwch yn lleol yn ein hystafell llawn stondinau crefft gan artistiaid cw\u00eear lleol. Mwynhewch gerddoriaeth fyw am ddim gyda\u2019ch cinio neu latte wrth i gyfranogwyr Queertawe a cherddorion cw\u00eear o bob rhan o Dde Cymru berfformio setiau byr trwy gydol y dydd. Paratowch am ymateb bywiog i\u2019r thema \u201cPerthyn\u201d wrth i\u2019n pobl ifanc ddisglair gamu i\u2019r llawr a mwynhau golygfeydd doniol a thorcalonnus, barddoniaeth a monologau a sgetsys gan ein cyfranogwyr.<\/p>\n\n\n\n<h3 class=\"wp-block-heading\"><strong><strong>Stondinau Crefft<\/strong><\/strong><\/h3>\n\n\n\n<ul>\n<li>Gwneud Gan Mammaeth<\/li>\n\n\n\n<li>Papurhaus<\/li>\n\n\n\n<li>Activist Witch Tarot reading<\/li>\n\n\n\n<li>Primavera<\/li>\n\n\n\n<li>Mells Angels<\/li>\n\n\n\n<li>Discoredia<\/li>\n\n\n\n<li>Mortdraws<\/li>\n\n\n\n<li>Daughters of Carmilla<\/li>\n\n\n\n<li>Bag Plastig- Repurposed jewellery<\/li>\n\n\n\n<li>Tylwyth Teg Treasures<\/li>\n\n\n\n<li>Green Hart<\/li>\n<\/ul>\n\n\n\n<h3 class=\"wp-block-heading\"><strong>Open Mic<\/strong><\/h3>\n\n\n\n<ul>\n<li>Laila Woodward<\/li>\n\n\n\n<li>Hannah Richards<\/li>\n\n\n\n<li>Manon<\/li>\n\n\n\n<li>Lloyd<\/li>\n\n\n\n<li>Zach<\/li>\n\n\n\n<li>Alun &amp; Scott<\/li>\n\n\n\n<li>Aaron<\/li>\n\n\n\n<li>Rosie Liv<\/li>\n<\/ul>\n\n\n\n<h3 class=\"wp-block-heading\"><strong><strong>Cyfranogwyr Ieuenctid yn Meddianu<\/strong><\/strong><\/h3>\n\n\n\n<ul>\n<li>New Heights Performance Academy<\/li>\n\n\n\n<li>Mess Up The Mess Theatre Company<\/li>\n\n\n\n<li>Good Vibes<\/li>\n\n\n\n<li>People Speak Up<\/li>\n\n\n\n<li>Olchfa Secondary School<\/li>\n\n\n\n<li>Bloedd<\/li>\n<\/ul>\n\n\n\n<p><strong><strong>Diolch arbennig i Andy Newbery am gymryd rhan yn y sesiwn holi ac ateb ac I&#8217;r pobol ifanc am eu cwestiynau\u00a0<\/strong><\/strong><\/p>\n\n\n\n<figure class=\"wp-block-image size-large is-resized\"><img loading=\"lazy\" decoding=\"async\" width=\"930\" height=\"1024\" src=\"https:\/\/qt.cymunedmessup.cymru\/wp-content\/uploads\/2024\/10\/1000003332-930x1024.png\" alt=\"\" class=\"wp-image-223\" style=\"width:133px;height:auto\" srcset=\"https:\/\/qt.cymunedmessup.cymru\/wp-content\/uploads\/2024\/10\/1000003332-930x1024.png 930w, https:\/\/qt.cymunedmessup.cymru\/wp-content\/uploads\/2024\/10\/1000003332-272x300.png 272w, https:\/\/qt.cymunedmessup.cymru\/wp-content\/uploads\/2024\/10\/1000003332-768x846.png 768w, https:\/\/qt.cymunedmessup.cymru\/wp-content\/uploads\/2024\/10\/1000003332-1395x1536.png 1395w, https:\/\/qt.cymunedmessup.cymru\/wp-content\/uploads\/2024\/10\/1000003332-1859x2048.png 1859w\" sizes=\"(max-width: 930px) 100vw, 930px\" \/><\/figure>\n\n\n\n<h3 class=\"wp-block-heading\"><strong><strong>Siarad y Geiriau<\/strong><\/strong><\/h3>\n\n\n\n<ul>\n<li>Years in the Making Part 1 by Adam<\/li>\n\n\n\n<li>Google is a Gay&#8217;s Best Friend by Becca<\/li>\n\n\n\n<li>Mourn my pride by Becca<\/li>\n\n\n\n<li>The Ideal Proposal by Zach<\/li>\n\n\n\n<li>Ode by Zach<\/li>\n\n\n\n<li>Breaking Through by James, performed by James<\/li>\n\n\n\n<li>The Vagina (singular) Monologue by Ariana<\/li>\n\n\n\n<li>Our Fierce Embrace by Carl, performed by Becca<\/li>\n\n\n\n<li>Global Warning by Carl, performed by Becca<\/li>\n\n\n\n<li>Dune Heath Swing by Carl, performed by Becca<\/li>\n\n\n\n<li>Years in the Making part 2 by Adam<\/li>\n<\/ul>\n\n\n\n<h3 class=\"wp-block-heading\"><strong><strong>O&#8217;r galon cw\u00eear<\/strong><\/strong><\/h3>\n\n\n\n<ul>\n<li>Fear and Loathing in Las Gaydas gan Laura<\/li>\n<\/ul>\n\n\n\n<p>Wedi ei berfformio gan Laura, Ariana, Bethan, Adam, Steven<\/p>\n\n\n\n<ul>\n<li>Child of the Sun gan James<\/li>\n<\/ul>\n\n\n\n<p>Wedi ei berfformio gan James, Steven, Laura, Ariana, Bethan<\/p>\n\n\n\n<ul>\n<li>The Gay Play gan Phil<\/li>\n<\/ul>\n\n\n\n<p>Wedi ei berfformio gan Steven, Becca, Katie, Bethan, Adam<\/p>\n\n\n\n<ul>\n<li>The Queer Baker gan Sophie<\/li>\n<\/ul>\n\n\n\n<p>Wedi ei berfformio gan Derek &amp; Cassidy<\/p>\n\n\n\n<p><strong>When it Felt Like Home <\/strong>by Thomas Leonard<\/p>\n\n\n\n<figure class=\"wp-block-image size-large is-resized\"><img loading=\"lazy\" decoding=\"async\" width=\"1017\" height=\"1024\" src=\"https:\/\/qt.cymunedmessup.cymru\/wp-content\/uploads\/2024\/10\/1000003338-1017x1024.png\" alt=\"\" class=\"wp-image-230\" style=\"width:125px;height:auto\" srcset=\"https:\/\/qt.cymunedmessup.cymru\/wp-content\/uploads\/2024\/10\/1000003338-1017x1024.png 1017w, https:\/\/qt.cymunedmessup.cymru\/wp-content\/uploads\/2024\/10\/1000003338-298x300.png 298w, https:\/\/qt.cymunedmessup.cymru\/wp-content\/uploads\/2024\/10\/1000003338-150x150.png 150w, https:\/\/qt.cymunedmessup.cymru\/wp-content\/uploads\/2024\/10\/1000003338-768x774.png 768w, https:\/\/qt.cymunedmessup.cymru\/wp-content\/uploads\/2024\/10\/1000003338-1525x1536.png 1525w, https:\/\/qt.cymunedmessup.cymru\/wp-content\/uploads\/2024\/10\/1000003338-2033x2048.png 2033w\" sizes=\"(max-width: 1017px) 100vw, 1017px\" \/><\/figure>\n\n\n\n<h2 class=\"wp-block-heading\"><strong><strong>CW\u00ceARS N\u00d4L YN Y PALAS<\/strong><\/strong><\/h2>\n\n\n\n<p>Mae hyn yn newyddion mawr! Gyda mynediad unigryw i adeilad sydd wedi bod mor bwysig yn hanesyddol i gymuned cw\u00eear Abertawe; Mae Cw\u00eears n\u00f4l yn y Palas yn blatfform ar gyfer talent leol a chyffrous, i ddathlu ein cymuned cw\u00eear heddiw. Mae\u2019n mynd i fod yn emosiynol bobl.<\/p>\n\n\n\n<p><strong><strong>Yng Nghwmni Connie Orff<\/strong><\/strong><\/p>\n\n\n\n<p><strong>SHOWER THOUGHTS gan Cedar Murano<\/strong><\/p>\n\n\n\n<p>wedi ei berfformio ganThomas, Adam, Ariana, Maya, Cedar<\/p>\n\n\n\n<p>Wedi ei gyfarwyddo gan Cerian Hedd<\/p>\n\n\n\n<p><strong>I NEED A HERO <strong>wedi ei ysgriffenu a&#8217;i berffformio gan<\/strong><\/strong> <strong>Frankie Williams<\/strong><\/p>\n\n\n\n<p><strong>TOO MANY MARSHMALLOWS <strong>wedi ei ysgriffenu a&#8217;i berffformio gan<\/strong> Derek Palmer<\/strong><\/p>\n\n\n\n<p><strong>WHOSE GAY IS IT ANYWAY<\/strong><\/p>\n\n\n\n<p><strong><strong>Yng nghwmni Connie Orff<\/strong><\/strong><\/p>\n\n\n\n<p>gyda&#8217;r actorion byrfyfyr-<\/p>\n\n\n\n<ul>\n<li>Frankie Williams<\/li>\n\n\n\n<li>Derek Palmer<\/li>\n\n\n\n<li>Joel Dafydd<\/li>\n\n\n\n<li>Luke Hereford<\/li>\n<\/ul>\n\n\n\n<figure class=\"wp-block-image size-large is-resized\"><img loading=\"lazy\" decoding=\"async\" width=\"1024\" height=\"725\" src=\"https:\/\/qt.cymunedmessup.cymru\/wp-content\/uploads\/2024\/10\/1000003345-1024x725.png\" alt=\"\" class=\"wp-image-385\" style=\"width:177px;height:auto\" srcset=\"https:\/\/qt.cymunedmessup.cymru\/wp-content\/uploads\/2024\/10\/1000003345-1024x725.png 1024w, https:\/\/qt.cymunedmessup.cymru\/wp-content\/uploads\/2024\/10\/1000003345-300x212.png 300w, https:\/\/qt.cymunedmessup.cymru\/wp-content\/uploads\/2024\/10\/1000003345-768x543.png 768w, https:\/\/qt.cymunedmessup.cymru\/wp-content\/uploads\/2024\/10\/1000003345-1536x1087.png 1536w, https:\/\/qt.cymunedmessup.cymru\/wp-content\/uploads\/2024\/10\/1000003345-2048x1449.png 2048w\" sizes=\"(max-width: 1024px) 100vw, 1024px\" \/><\/figure>\n\n\n\n<h2 class=\"wp-block-heading\"><strong><strong>TYWALLT Y T\u00ca<\/strong><\/strong><\/h2>\n\n\n\n<p><strong>When it Felt Like Home <\/strong>gan Thomas Leonard<\/p>\n\n\n\n<p><strong><strong>Cerflun Fwyd<\/strong> <\/strong>gan Leo, Queer Flavours<\/p>\n\n\n\n<p>Mewn cydweithrediad \u00e2 Sydney, Lloyd, Sian, Steven, Ash<\/p>\n\n\n\n<p><strong>Aberth y gerflun fwyd\u00a0<\/strong>wedi ei berfformio gan gweithdy symud Queertawe dan arweiniad CJ Ashen<\/p>\n\n\n\n<p><strong><strong>Cwpanau Cyfrinachol<\/strong><\/strong><\/p>\n\n\n\n<p>Wedi eu hysgrifennu gan- Dee, Carl, Adam, Mo, Zach, Menna Si\u00e2n, Andy Vinstein, Miranda Ballin, Bethan Marlow,<\/p>\n\n\n\n<p>Mewn cydweithrediad \u00e2 grwp sgwennu creadigol ar-lein Sparc, Chwalwyr Pensiliau.\u00a0<\/p>\n\n\n\n<p><strong>Immortal Love <\/strong>wedi ei ysgrifennu a&#8217;i berfformio gan Aaron<\/p>\n\n\n\n<p><strong><strong>C\u00f4r True Colours-\u00a0<\/strong>Cyfarwyddwr Cerdd Sam Hickman<\/strong><\/p>\n\n\n\n<figure class=\"wp-block-image size-large is-resized\"><img loading=\"lazy\" decoding=\"async\" width=\"732\" height=\"1024\" src=\"https:\/\/qt.cymunedmessup.cymru\/wp-content\/uploads\/2024\/10\/1000003343-732x1024.png\" alt=\"\" class=\"wp-image-393\" style=\"width:122px;height:auto\" srcset=\"https:\/\/qt.cymunedmessup.cymru\/wp-content\/uploads\/2024\/10\/1000003343-732x1024.png 732w, https:\/\/qt.cymunedmessup.cymru\/wp-content\/uploads\/2024\/10\/1000003343-214x300.png 214w, https:\/\/qt.cymunedmessup.cymru\/wp-content\/uploads\/2024\/10\/1000003343-768x1074.png 768w, https:\/\/qt.cymunedmessup.cymru\/wp-content\/uploads\/2024\/10\/1000003343-1098x1536.png 1098w, https:\/\/qt.cymunedmessup.cymru\/wp-content\/uploads\/2024\/10\/1000003343-1464x2048.png 1464w\" sizes=\"(max-width: 732px) 100vw, 732px\" \/><\/figure>\n\n\n\n<h2 class=\"wp-block-heading\"><strong><strong>PRIODAS PERYG<\/strong><\/strong><\/h2>\n\n\n\n<p>Croeso i briodas cw\u00eear y flwyddyn, lle mae\u2019r parti\u2019n dechrau a\u2019r gwesteion yn ymlacio. Bydd yr areithiau, y clecs a\u2019r gwisgoedd ffansi arferol, ond bydd diwedd y dathlu ymhell o fod yn ragweladwy. Yr hyn a wyddom yw y bydd un o\u2019r gwesteion yn gadael heb guriad calon ac un arall yn mynd ar y daith fer o\u2019n lleoliad priodas hyfryd yn Hen Lyfrgell Abertawe i Orsaf Heddlu Ganolog Abertawe.<\/p>\n\n\n\n<p>Wedi ei greu a;i ysgrifennu gan\u00a0 Bethan Marlow<\/p>\n\n\n\n<p>Mewn cyd-weithrediad \u00e2 Lowri, Phil, Carl, Lindsey<\/p>\n\n\n\n<p>Rebecca Treseder &#8211; Ymghynghorydd parti llofrudd ddirgel<\/p>\n\n\n\n<p>Wedi ei berfformio gan\u00a0Sophie, Mo, Adam, Katie and Steven<\/p>\n\n\n\n<figure class=\"wp-block-image size-large is-resized\"><img loading=\"lazy\" decoding=\"async\" width=\"1024\" height=\"692\" src=\"https:\/\/qt.cymunedmessup.cymru\/wp-content\/uploads\/2024\/10\/1000003336-1024x692.png\" alt=\"\" class=\"wp-image-228\" style=\"width:208px;height:auto\" srcset=\"https:\/\/qt.cymunedmessup.cymru\/wp-content\/uploads\/2024\/10\/1000003336-1024x692.png 1024w, https:\/\/qt.cymunedmessup.cymru\/wp-content\/uploads\/2024\/10\/1000003336-300x203.png 300w, https:\/\/qt.cymunedmessup.cymru\/wp-content\/uploads\/2024\/10\/1000003336-768x519.png 768w, https:\/\/qt.cymunedmessup.cymru\/wp-content\/uploads\/2024\/10\/1000003336-1536x1038.png 1536w, https:\/\/qt.cymunedmessup.cymru\/wp-content\/uploads\/2024\/10\/1000003336-2048x1384.png 2048w\" sizes=\"(max-width: 1024px) 100vw, 1024px\" \/><\/figure>\n\n\n\n<h2 class=\"wp-block-heading\"><strong>DIOLCHIADAU<\/strong><\/h2>\n\n\n\n<p>I bob un sydd wedi bod yn ran o&#8217;r prosiect ar hyd y daith.<\/p>\n\n\n\n<p><strong><strong>Partneriaid<\/strong><\/strong>: Mess Up The Mess Theatre Company, SwanScene, Swansea Pride, Urban Foundry, Swansea Bay Arts and Health<\/p>\n\n\n\n<p><strong><strong>Arianwyr<\/strong>: <\/strong>Arts Council Wales &#8211; Connect and Flourish, SCVS Youthbank, Pride Cymru, Principality Building Society, Swansea Bay Community Cohesion Grant<\/p>\n\n\n\n<p><strong>Lleoliadau<\/strong>: The Old Library, UWTSD, Elysium, HQ Urban Kitchen, Tramshed Tech Palace and Volcano<\/p>\n\n\n\n<p><strong>Cwmniau ac elusenau:<\/strong>\u00a0TIN Wardrobe, Surfability and Karmaseas<\/p>\n\n\n\n<h2 class=\"wp-block-heading\"><strong>T\u00eem Creadigol:<\/strong><\/h2>\n\n\n\n<ul>\n<li>Bethan Marlow &#8211; prif artist<\/li>\n\n\n\n<li>Cerian Hedd &#8211; prif artist<\/li>\n\n\n\n<li>Cassidy Smith &#8211; Cynhyrchydd cymunedol<\/li>\n\n\n\n<li>Jay Smith &#8211; Cynhyrchydd<\/li>\n\n\n\n<li>Sarah Jones &#8211; Uwch-gynhyrchydd<\/li>\n\n\n\n<li>Stella Patrick- Pennaeth marchnata<\/li>\n\n\n\n<li>Katie Jenkins- Cynorthwydd prosiect a marchnata ar-lein<\/li>\n\n\n\n<li>Rhianna Yates &#8211; Dylunydd<\/li>\n\n\n\n<li>Cj Ashen &#8211; Cyfarwyddwr symud<\/li>\n\n\n\n<li>Abbi Davies &#8211; Rheolwr Llwyfan<\/li>\n\n\n\n<li>Harvey Evans &#8211; Cynorthwydd Rheolwr Llwyfan<\/li>\n\n\n\n<li>Darwin Hennessy &#8211; Technegydd Goleuo<\/li>\n\n\n\n<li>Daniel Jordan- Technegydd Sain<\/li>\n<\/ul>\n\n\n\n<h3 class=\"wp-block-heading\"><strong><strong>Artistiaid Gw\u00e2dd:\u00a0<\/strong><\/strong><\/h3>\n\n\n\n<ul>\n<li>Lee Mengo &#8211; Sgwennu, Actio a Chyfarwyddo\u00a0<\/li>\n\n\n\n<li>Jesty Quinn &#8211; burlesque a chlownio<\/li>\n\n\n\n<li>Jordropper &#8211; drag<\/li>\n\n\n\n<li>Anniben &#8211; drag<\/li>\n\n\n\n<li>Tash John &#8211; Celf<\/li>\n\n\n\n<li>Vivian Ross-Smith &#8211; Celf<\/li>\n\n\n\n<li>Sahar Saki &#8211; Celf<\/li>\n<\/ul>\n\n\n\n<p><\/p>\n","protected":false},"excerpt":{"rendered":"<p>Croeso i Ffrinj Queertawe Fringe, dathliad 4 diwrnod o hyd o fywyd cw\u00eear yn Abertawe. Yr hyn yr ydych ar fin ei weld yw penllanw blwyddyn o weithdai creadigol ar gyfer cymuned cw\u00eear Abertawe, yn<\/p>\n","protected":false},"author":4,"featured_media":0,"parent":0,"menu_order":0,"comment_status":"closed","ping_status":"closed","template":"","meta":{"footnotes":""},"_links":{"self":[{"href":"https:\/\/queertawe.co.uk\/index.php\/wp-json\/wp\/v2\/pages\/983"}],"collection":[{"href":"https:\/\/queertawe.co.uk\/index.php\/wp-json\/wp\/v2\/pages"}],"about":[{"href":"https:\/\/queertawe.co.uk\/index.php\/wp-json\/wp\/v2\/types\/page"}],"author":[{"embeddable":true,"href":"https:\/\/queertawe.co.uk\/index.php\/wp-json\/wp\/v2\/users\/4"}],"replies":[{"embeddable":true,"href":"https:\/\/queertawe.co.uk\/index.php\/wp-json\/wp\/v2\/comments?post=983"}],"version-history":[{"count":4,"href":"https:\/\/queertawe.co.uk\/index.php\/wp-json\/wp\/v2\/pages\/983\/revisions"}],"predecessor-version":[{"id":1084,"href":"https:\/\/queertawe.co.uk\/index.php\/wp-json\/wp\/v2\/pages\/983\/revisions\/1084"}],"wp:attachment":[{"href":"https:\/\/queertawe.co.uk\/index.php\/wp-json\/wp\/v2\/media?parent=983"}],"curies":[{"name":"wp","href":"https:\/\/api.w.org\/{rel}","templated":true}]}}