{"id":782,"date":"2024-12-18T12:17:29","date_gmt":"2024-12-18T12:17:29","guid":{"rendered":"https:\/\/qt.cymunedmessup.cymru\/?page_id=782"},"modified":"2025-02-12T11:58:08","modified_gmt":"2025-02-12T11:58:08","slug":"frinj-queertawe","status":"publish","type":"page","link":"https:\/\/queertawe.co.uk\/index.php\/frinj-queertawe\/","title":{"rendered":"Frinj Queertawe"},"content":{"rendered":"\n<figure class=\"wp-block-image\"><img loading=\"lazy\" decoding=\"async\" width=\"1024\" height=\"339\" src=\"https:\/\/qt.cymunedmessup.cymru\/wp-content\/uploads\/2024\/10\/1000003313-1024x339.png\" alt=\"\" class=\"wp-image-204\" srcset=\"https:\/\/qt.cymunedmessup.cymru\/wp-content\/uploads\/2024\/10\/1000003313-1024x339.png 1024w, https:\/\/qt.cymunedmessup.cymru\/wp-content\/uploads\/2024\/10\/1000003313-300x99.png 300w, https:\/\/qt.cymunedmessup.cymru\/wp-content\/uploads\/2024\/10\/1000003313-768x254.png 768w, https:\/\/qt.cymunedmessup.cymru\/wp-content\/uploads\/2024\/10\/1000003313-1536x508.png 1536w, https:\/\/qt.cymunedmessup.cymru\/wp-content\/uploads\/2024\/10\/1000003313-2048x677.png 2048w\" sizes=\"(max-width: 1024px) 100vw, 1024px\" \/><\/figure>\n\n\n\n<p><strong>Croeso i Ffrinj Queertawe Fringe, dathliad 4 diwrnod o fywyd cw\u00eear yn Abertawe.<\/strong><\/p>\n\n\n\n<p>Ar \u00f4l blwyddyn o weithdai creadigol i bob oed ar gyfer cymuned cw\u00eear Abertawe, mae Queertawe yn eich gwahodd i ymuno \u00e2 ni ar gyfer Ffrinj Queertawe i ddathlu diwylliant cw\u00eear yn ein dinas ym mis Rhagfyr.<\/p>\n\n\n\n<p>Mae ein cyfranogwyr yn awduron, artistiaid, digrifwyr, dylunwyr, cerddorion a llawer mwy. Rhyngom, rydyn wedi creu ystod amrywiol iawn o ddigwyddiadau fydd yn arddangos popeth rydyn wedi bod yn gweithio arno dros y 12 mis diwethaf.<\/p>\n\n\n\n<p>Gyda digwyddiadau i bob oed, dros bedwar diwrnod a chwe lleoliad, mae rhywbeth at ddant pawb a byddem wrth ein bodd petaech yn ymuno \u00e2 ni.<\/p>\n\n\n\n<figure class=\"wp-block-embed is-type-rich is-provider-soundcloud wp-block-embed-soundcloud\"><div class=\"wp-block-embed__wrapper\">\n<iframe loading=\"lazy\" title=\"Queertawe AudioFlyer English by messupthemess\" width=\"840\" height=\"400\" scrolling=\"no\" frameborder=\"no\" src=\"https:\/\/w.soundcloud.com\/player\/?visual=true&#038;url=https%3A%2F%2Fapi.soundcloud.com%2Ftracks%2F1949152055&#038;show_artwork=true&#038;maxheight=1000&#038;maxwidth=840\"><\/iframe>\n<\/div><\/figure>\n\n\n\n<figure class=\"wp-block-embed is-type-video is-provider-youtube wp-block-embed-youtube wp-embed-aspect-16-9 wp-has-aspect-ratio\"><div class=\"wp-block-embed__wrapper\">\n<iframe loading=\"lazy\" title=\"Queertawe BSL flyer\" width=\"840\" height=\"473\" src=\"https:\/\/www.youtube.com\/embed\/Z8SpA_w9yz4?feature=oembed\" frameborder=\"0\" allow=\"accelerometer; autoplay; clipboard-write; encrypted-media; gyroscope; picture-in-picture; web-share\" referrerpolicy=\"strict-origin-when-cross-origin\" allowfullscreen><\/iframe>\n<\/div><\/figure>\n\n\n\n<figure class=\"wp-block-image\"><img loading=\"lazy\" decoding=\"async\" width=\"1024\" height=\"46\" src=\"https:\/\/qt.cymunedmessup.cymru\/wp-content\/uploads\/2024\/10\/QT-logo-runner-1024x46.png\" alt=\"\" class=\"wp-image-304\" srcset=\"https:\/\/qt.cymunedmessup.cymru\/wp-content\/uploads\/2024\/10\/QT-logo-runner-1024x46.png 1024w, https:\/\/qt.cymunedmessup.cymru\/wp-content\/uploads\/2024\/10\/QT-logo-runner-300x14.png 300w, https:\/\/qt.cymunedmessup.cymru\/wp-content\/uploads\/2024\/10\/QT-logo-runner-768x35.png 768w, https:\/\/qt.cymunedmessup.cymru\/wp-content\/uploads\/2024\/10\/QT-logo-runner-1536x69.png 1536w, https:\/\/qt.cymunedmessup.cymru\/wp-content\/uploads\/2024\/10\/QT-logo-runner-2048x92.png 2048w\" sizes=\"(max-width: 1024px) 100vw, 1024px\" \/><\/figure>\n\n\n\n<figure class=\"wp-block-gallery has-nested-images columns-4 is-cropped wp-block-gallery-1 is-layout-flex wp-block-gallery-is-layout-flex\">\n<figure class=\"wp-block-image size-large\"><a href=\"https:\/\/qt.cymunedmessup.cymru\/index.php\/coming-out\/\" target=\"_blank\" rel=\"noreferrer noopener\"><img loading=\"lazy\" decoding=\"async\" width=\"800\" height=\"800\" data-id=\"464\" src=\"https:\/\/qt.cymunedmessup.cymru\/wp-content\/uploads\/2024\/10\/qtf_comingout.png\" alt=\"\" class=\"wp-image-464\" srcset=\"https:\/\/qt.cymunedmessup.cymru\/wp-content\/uploads\/2024\/10\/qtf_comingout.png 800w, https:\/\/qt.cymunedmessup.cymru\/wp-content\/uploads\/2024\/10\/qtf_comingout-300x300.png 300w, https:\/\/qt.cymunedmessup.cymru\/wp-content\/uploads\/2024\/10\/qtf_comingout-150x150.png 150w, https:\/\/qt.cymunedmessup.cymru\/wp-content\/uploads\/2024\/10\/qtf_comingout-768x768.png 768w\" sizes=\"(max-width: 800px) 100vw, 800px\" \/><\/a><\/figure>\n\n\n\n<figure class=\"wp-block-image size-large\"><a href=\"https:\/\/qt.cymunedmessup.cymru\/index.php\/community-closet\/\"><img loading=\"lazy\" decoding=\"async\" width=\"800\" height=\"800\" data-id=\"463\" src=\"https:\/\/qt.cymunedmessup.cymru\/wp-content\/uploads\/2024\/10\/qtf_closet.png\" alt=\"\" class=\"wp-image-463\" srcset=\"https:\/\/qt.cymunedmessup.cymru\/wp-content\/uploads\/2024\/10\/qtf_closet.png 800w, https:\/\/qt.cymunedmessup.cymru\/wp-content\/uploads\/2024\/10\/qtf_closet-300x300.png 300w, https:\/\/qt.cymunedmessup.cymru\/wp-content\/uploads\/2024\/10\/qtf_closet-150x150.png 150w, https:\/\/qt.cymunedmessup.cymru\/wp-content\/uploads\/2024\/10\/qtf_closet-768x768.png 768w\" sizes=\"(max-width: 800px) 100vw, 800px\" \/><\/a><\/figure>\n\n\n\n<figure class=\"wp-block-image size-full\"><a href=\"https:\/\/qt.cymunedmessup.cymru\/index.php\/queer-prom-cabaret\/\"><img loading=\"lazy\" decoding=\"async\" width=\"800\" height=\"800\" data-id=\"501\" src=\"https:\/\/qt.cymunedmessup.cymru\/wp-content\/uploads\/2024\/10\/qtf_cabaret1.png\" alt=\"\" class=\"wp-image-501\" srcset=\"https:\/\/qt.cymunedmessup.cymru\/wp-content\/uploads\/2024\/10\/qtf_cabaret1.png 800w, https:\/\/qt.cymunedmessup.cymru\/wp-content\/uploads\/2024\/10\/qtf_cabaret1-300x300.png 300w, https:\/\/qt.cymunedmessup.cymru\/wp-content\/uploads\/2024\/10\/qtf_cabaret1-150x150.png 150w, https:\/\/qt.cymunedmessup.cymru\/wp-content\/uploads\/2024\/10\/qtf_cabaret1-768x768.png 768w\" sizes=\"(max-width: 800px) 100vw, 800px\" \/><\/a><\/figure>\n\n\n\n<figure class=\"wp-block-image size-large\"><a href=\"https:\/\/qt.cymunedmessup.cymru\/index.php\/curtain-up\/\"><img loading=\"lazy\" decoding=\"async\" width=\"800\" height=\"800\" data-id=\"465\" src=\"https:\/\/qt.cymunedmessup.cymru\/wp-content\/uploads\/2024\/10\/qtf_curtain.png\" alt=\"\" class=\"wp-image-465\" srcset=\"https:\/\/qt.cymunedmessup.cymru\/wp-content\/uploads\/2024\/10\/qtf_curtain.png 800w, https:\/\/qt.cymunedmessup.cymru\/wp-content\/uploads\/2024\/10\/qtf_curtain-300x300.png 300w, https:\/\/qt.cymunedmessup.cymru\/wp-content\/uploads\/2024\/10\/qtf_curtain-150x150.png 150w, https:\/\/qt.cymunedmessup.cymru\/wp-content\/uploads\/2024\/10\/qtf_curtain-768x768.png 768w\" sizes=\"(max-width: 800px) 100vw, 800px\" \/><\/a><\/figure>\n\n\n\n<figure class=\"wp-block-image size-large\"><a href=\"https:\/\/qt.cymunedmessup.cymru\/index.php\/queers-back-at-the-palace\/\"><img loading=\"lazy\" decoding=\"async\" width=\"800\" height=\"800\" data-id=\"466\" src=\"https:\/\/qt.cymunedmessup.cymru\/wp-content\/uploads\/2024\/10\/qtf_palace.png\" alt=\"\" class=\"wp-image-466\" srcset=\"https:\/\/qt.cymunedmessup.cymru\/wp-content\/uploads\/2024\/10\/qtf_palace.png 800w, https:\/\/qt.cymunedmessup.cymru\/wp-content\/uploads\/2024\/10\/qtf_palace-300x300.png 300w, https:\/\/qt.cymunedmessup.cymru\/wp-content\/uploads\/2024\/10\/qtf_palace-150x150.png 150w, https:\/\/qt.cymunedmessup.cymru\/wp-content\/uploads\/2024\/10\/qtf_palace-768x768.png 768w\" sizes=\"(max-width: 800px) 100vw, 800px\" \/><\/a><\/figure>\n\n\n\n<figure class=\"wp-block-image size-full\"><a href=\"https:\/\/qt.cymunedmessup.cymru\/index.php\/dance-in-the-waves\/\"><img loading=\"lazy\" decoding=\"async\" width=\"800\" height=\"800\" data-id=\"519\" src=\"https:\/\/qt.cymunedmessup.cymru\/wp-content\/uploads\/2024\/10\/qtf_waves2.png\" alt=\"\" class=\"wp-image-519\" srcset=\"https:\/\/qt.cymunedmessup.cymru\/wp-content\/uploads\/2024\/10\/qtf_waves2.png 800w, https:\/\/qt.cymunedmessup.cymru\/wp-content\/uploads\/2024\/10\/qtf_waves2-300x300.png 300w, https:\/\/qt.cymunedmessup.cymru\/wp-content\/uploads\/2024\/10\/qtf_waves2-150x150.png 150w, https:\/\/qt.cymunedmessup.cymru\/wp-content\/uploads\/2024\/10\/qtf_waves2-768x768.png 768w\" sizes=\"(max-width: 800px) 100vw, 800px\" \/><\/a><\/figure>\n\n\n\n<figure class=\"wp-block-image size-large\"><a href=\"https:\/\/qt.cymunedmessup.cymru\/index.php\/spilling-the-tea\/\"><img loading=\"lazy\" decoding=\"async\" width=\"800\" height=\"800\" data-id=\"467\" src=\"https:\/\/qt.cymunedmessup.cymru\/wp-content\/uploads\/2024\/10\/qtf_tea.png\" alt=\"\" class=\"wp-image-467\" srcset=\"https:\/\/qt.cymunedmessup.cymru\/wp-content\/uploads\/2024\/10\/qtf_tea.png 800w, https:\/\/qt.cymunedmessup.cymru\/wp-content\/uploads\/2024\/10\/qtf_tea-300x300.png 300w, https:\/\/qt.cymunedmessup.cymru\/wp-content\/uploads\/2024\/10\/qtf_tea-150x150.png 150w, https:\/\/qt.cymunedmessup.cymru\/wp-content\/uploads\/2024\/10\/qtf_tea-768x768.png 768w\" sizes=\"(max-width: 800px) 100vw, 800px\" \/><\/a><\/figure>\n\n\n\n<figure class=\"wp-block-image size-large\"><a href=\"https:\/\/qt.cymunedmessup.cymru\/index.php\/queerly-beloved\/\"><img loading=\"lazy\" decoding=\"async\" width=\"800\" height=\"800\" data-id=\"461\" src=\"https:\/\/qt.cymunedmessup.cymru\/wp-content\/uploads\/2024\/10\/qtf_beloved.png\" alt=\"\" class=\"wp-image-461\" srcset=\"https:\/\/qt.cymunedmessup.cymru\/wp-content\/uploads\/2024\/10\/qtf_beloved.png 800w, https:\/\/qt.cymunedmessup.cymru\/wp-content\/uploads\/2024\/10\/qtf_beloved-300x300.png 300w, https:\/\/qt.cymunedmessup.cymru\/wp-content\/uploads\/2024\/10\/qtf_beloved-150x150.png 150w, https:\/\/qt.cymunedmessup.cymru\/wp-content\/uploads\/2024\/10\/qtf_beloved-768x768.png 768w\" sizes=\"(max-width: 800px) 100vw, 800px\" \/><\/a><\/figure>\n<\/figure>\n\n\n\n<figure class=\"wp-block-image\"><img loading=\"lazy\" decoding=\"async\" width=\"1024\" height=\"86\" src=\"https:\/\/qt.cymunedmessup.cymru\/wp-content\/uploads\/2024\/08\/acw-logo-strip-1024x86.jpg\" alt=\"Arts Council Wales - Lottery Funded - Welsh Government\" class=\"wp-image-169\" srcset=\"https:\/\/qt.cymunedmessup.cymru\/wp-content\/uploads\/2024\/08\/acw-logo-strip-1024x86.jpg 1024w, https:\/\/qt.cymunedmessup.cymru\/wp-content\/uploads\/2024\/08\/acw-logo-strip-300x25.jpg 300w, https:\/\/qt.cymunedmessup.cymru\/wp-content\/uploads\/2024\/08\/acw-logo-strip-768x65.jpg 768w, https:\/\/qt.cymunedmessup.cymru\/wp-content\/uploads\/2024\/08\/acw-logo-strip-1536x130.jpg 1536w, https:\/\/qt.cymunedmessup.cymru\/wp-content\/uploads\/2024\/08\/acw-logo-strip-2048x173.jpg 2048w\" sizes=\"(max-width: 1024px) 100vw, 1024px\" \/><\/figure>\n\n\n\n<p>Mae Queertawe yn bartneriaeth rhwng Mess Up The Mess Theatre Company LTD, Pride Swansea, Urban Foundry LTD, SwanScene a Swansea Bay University Health Board Arts a Heritage Team.<\/p>\n","protected":false},"excerpt":{"rendered":"<p>Croeso i Ffrinj Queertawe Fringe, dathliad 4 diwrnod o fywyd cw\u00eear yn Abertawe. Ar \u00f4l blwyddyn o weithdai creadigol i bob oed ar gyfer cymuned cw\u00eear Abertawe, mae Queertawe yn eich gwahodd i ymuno \u00e2<\/p>\n","protected":false},"author":8,"featured_media":0,"parent":0,"menu_order":0,"comment_status":"closed","ping_status":"closed","template":"","meta":{"footnotes":""},"_links":{"self":[{"href":"https:\/\/queertawe.co.uk\/index.php\/wp-json\/wp\/v2\/pages\/782"}],"collection":[{"href":"https:\/\/queertawe.co.uk\/index.php\/wp-json\/wp\/v2\/pages"}],"about":[{"href":"https:\/\/queertawe.co.uk\/index.php\/wp-json\/wp\/v2\/types\/page"}],"author":[{"embeddable":true,"href":"https:\/\/queertawe.co.uk\/index.php\/wp-json\/wp\/v2\/users\/8"}],"replies":[{"embeddable":true,"href":"https:\/\/queertawe.co.uk\/index.php\/wp-json\/wp\/v2\/comments?post=782"}],"version-history":[{"count":5,"href":"https:\/\/queertawe.co.uk\/index.php\/wp-json\/wp\/v2\/pages\/782\/revisions"}],"predecessor-version":[{"id":895,"href":"https:\/\/queertawe.co.uk\/index.php\/wp-json\/wp\/v2\/pages\/782\/revisions\/895"}],"wp:attachment":[{"href":"https:\/\/queertawe.co.uk\/index.php\/wp-json\/wp\/v2\/media?parent=782"}],"curies":[{"name":"wp","href":"https:\/\/api.w.org\/{rel}","templated":true}]}}