{"id":420,"date":"2024-10-25T10:59:20","date_gmt":"2024-10-25T10:59:20","guid":{"rendered":"https:\/\/qt.cymunedmessup.cymru\/?page_id=420"},"modified":"2024-11-08T15:48:42","modified_gmt":"2024-11-08T15:48:42","slug":"queers-back-at-the-palace-cy","status":"publish","type":"page","link":"https:\/\/queertawe.co.uk\/index.php\/queers-back-at-the-palace-cy\/","title":{"rendered":"Queers Back at the Palace (CY)"},"content":{"rendered":"\n<figure class=\"wp-block-image size-large\"><img loading=\"lazy\" decoding=\"async\" width=\"1024\" height=\"481\" src=\"https:\/\/qt.cymunedmessup.cymru\/wp-content\/uploads\/2024\/10\/qtf_event-header_palace-1024x481.png\" alt=\"\" class=\"wp-image-289\" srcset=\"https:\/\/qt.cymunedmessup.cymru\/wp-content\/uploads\/2024\/10\/qtf_event-header_palace-1024x481.png 1024w, https:\/\/qt.cymunedmessup.cymru\/wp-content\/uploads\/2024\/10\/qtf_event-header_palace-300x141.png 300w, https:\/\/qt.cymunedmessup.cymru\/wp-content\/uploads\/2024\/10\/qtf_event-header_palace-768x361.png 768w, https:\/\/qt.cymunedmessup.cymru\/wp-content\/uploads\/2024\/10\/qtf_event-header_palace-1536x721.png 1536w, https:\/\/qt.cymunedmessup.cymru\/wp-content\/uploads\/2024\/10\/qtf_event-header_palace-2048x961.png 2048w\" sizes=\"(max-width: 1024px) 100vw, 1024px\" \/><\/figure>\n\n\n\n<p>Mae hyn yn newyddion mawr! Gyda mynediad unigryw i adeilad sydd wedi bod mor bwysig yn hanesyddol i gymuned cw\u00eear Abertawe; Mae Cw\u00eears n\u00f4l yn y Palas yn blatfform ar gyfer talent leol a chyffrous, i ddathlu ein cymuned cw\u00eear heddiw. Mae&#8217;n mynd i fod yn emosiynol bobl.<\/p>\n\n\n\n<p>Dan ofal y frenhines chwedlonol, Connie Orff, paratowch i chwerthin, i glywed caneuon digri ac ambell i ddeigryn o lawenydd!<\/p>\n\n\n\n<p>Byddwn yn arddangos y dram\u00e2u byr canlynol:<\/p>\n\n\n\n<ul>\n<li>Shower Thoughts gan Cedar Murano<\/li>\n\n\n\n<li>I Need a Hero gan Frankie Williams<\/li>\n\n\n\n<li>Too Many Marshmallows gan Derek Palmer<\/li>\n<\/ul>\n\n\n\n<p>Byddwn yn gorffen y noson gyda digwyddiad byrfyfyr arddull \u2018Whose Line Is It Anyway?\u2019 i\u2019ch anfon adref yn gwenu o glust i glust.<\/p>\n\n\n\n<div class=\"wp-block-buttons is-layout-flex wp-block-buttons-is-layout-flex\">\n<div class=\"wp-block-button has-custom-width wp-block-button__width-50 has-custom-font-size has-medium-font-size\"><a class=\"wp-block-button__link wp-element-button\" href=\"https:\/\/www.ticketsource.co.uk\/messupthemess\/t-ojrmzvn\" style=\"border-radius:50px\" target=\"_blank\" rel=\"noreferrer noopener\">ARCHEBU TOCYNNAU &#8211; Theatr<\/a><\/div>\n<\/div>\n\n\n\n<div class=\"wp-block-buttons is-layout-flex wp-block-buttons-is-layout-flex\">\n<div class=\"wp-block-button has-custom-width wp-block-button__width-50 has-custom-font-size has-medium-font-size\"><a class=\"wp-block-button__link wp-element-button\" href=\"https:\/\/www.ticketsource.co.uk\/messupthemess\/t-vvapylk\" style=\"border-radius:50px\" target=\"_blank\" rel=\"noreferrer noopener\">ARCHEBU TOCYNNAU &#8211; Improv<\/a><\/div>\n<\/div>\n\n\n\n<div class=\"wp-block-columns is-layout-flex wp-container-core-columns-layout-1 wp-block-columns-is-layout-flex\">\n<div class=\"wp-block-column is-layout-flow wp-block-column-is-layout-flow\">\n<p><\/p>\n\n\n\n<h5 class=\"wp-block-heading is-style-widget-title has-black-color has-text-color has-link-color wp-elements-b85fab31e1ee7236e0d58e51d8fa1fcd\" style=\"padding-top:0;padding-bottom:0;font-size:18px\">Palas Tramshed Tech, Stryd Fawr<br><br>07\/12\/24 | <strong>8-hwyr<\/strong><\/h5>\n\n\n\n<h2 class=\"wp-block-heading is-style-widget-title has-black-color has-text-color has-link-color wp-elements-3e5b6701ba34666f27360fd26b140156\" style=\"padding-top:var(--wp--preset--spacing--20);padding-bottom:var(--wp--preset--spacing--20);font-size:14px\">Tocynnau: \u00a35 &#8211; \u00a315<br><br>18+<\/h2>\n\n\n\n<p><strong>Gwybodaeth Hygyrchedd:  <\/strong><\/p>\n\n\n\n<p>Mae\u2019r digwyddiad hwn yn cynnwys dehongliad IAP.<\/p>\n<\/div>\n\n\n\n<div class=\"wp-block-column is-layout-flow wp-block-column-is-layout-flow\">\n<figure class=\"wp-block-image size-large is-resized\"><img loading=\"lazy\" decoding=\"async\" width=\"1024\" height=\"808\" src=\"https:\/\/qt.cymunedmessup.cymru\/wp-content\/uploads\/2024\/10\/1000003329-1024x808.png\" alt=\"\" class=\"wp-image-220\" style=\"width:272px;height:auto\" srcset=\"https:\/\/qt.cymunedmessup.cymru\/wp-content\/uploads\/2024\/10\/1000003329-1024x808.png 1024w, https:\/\/qt.cymunedmessup.cymru\/wp-content\/uploads\/2024\/10\/1000003329-300x237.png 300w, https:\/\/qt.cymunedmessup.cymru\/wp-content\/uploads\/2024\/10\/1000003329-768x606.png 768w, https:\/\/qt.cymunedmessup.cymru\/wp-content\/uploads\/2024\/10\/1000003329-1536x1212.png 1536w, https:\/\/qt.cymunedmessup.cymru\/wp-content\/uploads\/2024\/10\/1000003329-2048x1616.png 2048w\" sizes=\"(max-width: 1024px) 100vw, 1024px\" \/><\/figure>\n<\/div>\n<\/div>\n","protected":false},"excerpt":{"rendered":"<p>Mae hyn yn newyddion mawr! Gyda mynediad unigryw i adeilad sydd wedi bod mor bwysig yn hanesyddol i gymuned cw\u00eear Abertawe; Mae Cw\u00eears n\u00f4l yn y Palas yn blatfform ar gyfer talent leol a chyffrous,<\/p>\n","protected":false},"author":4,"featured_media":0,"parent":0,"menu_order":0,"comment_status":"closed","ping_status":"closed","template":"","meta":{"footnotes":""},"_links":{"self":[{"href":"https:\/\/queertawe.co.uk\/index.php\/wp-json\/wp\/v2\/pages\/420"}],"collection":[{"href":"https:\/\/queertawe.co.uk\/index.php\/wp-json\/wp\/v2\/pages"}],"about":[{"href":"https:\/\/queertawe.co.uk\/index.php\/wp-json\/wp\/v2\/types\/page"}],"author":[{"embeddable":true,"href":"https:\/\/queertawe.co.uk\/index.php\/wp-json\/wp\/v2\/users\/4"}],"replies":[{"embeddable":true,"href":"https:\/\/queertawe.co.uk\/index.php\/wp-json\/wp\/v2\/comments?post=420"}],"version-history":[{"count":10,"href":"https:\/\/queertawe.co.uk\/index.php\/wp-json\/wp\/v2\/pages\/420\/revisions"}],"predecessor-version":[{"id":738,"href":"https:\/\/queertawe.co.uk\/index.php\/wp-json\/wp\/v2\/pages\/420\/revisions\/738"}],"wp:attachment":[{"href":"https:\/\/queertawe.co.uk\/index.php\/wp-json\/wp\/v2\/media?parent=420"}],"curies":[{"name":"wp","href":"https:\/\/api.w.org\/{rel}","templated":true}]}}